{"id":381,"date":"2022-08-30T15:45:44","date_gmt":"2022-08-30T13:45:44","guid":{"rendered":"https:\/\/groupeverdel.eu\/?page_id=381"},"modified":"2024-06-20T16:10:23","modified_gmt":"2024-06-20T14:10:23","slug":"strategie","status":"publish","type":"page","link":"https:\/\/groupeverdel.eu\/en\/strategie\/","title":{"rendered":"Strategie"},"content":{"rendered":"<div data-elementor-type=\"wp-page\" data-elementor-id=\"381\" class=\"elementor elementor-381\">\n\t\t\t\t\t\t<section class=\"elementor-section elementor-top-section elementor-element elementor-element-9b3ea6c elementor-section-boxed elementor-section-height-default elementor-section-height-default\" data-id=\"9b3ea6c\" data-element_type=\"section\" data-e-type=\"section\">\n\t\t\t\t\t\t<div class=\"elementor-container elementor-column-gap-default\">\n\t\t\t\t\t<div class=\"elementor-column elementor-col-33 elementor-top-column elementor-element elementor-element-b2f1494\" data-id=\"b2f1494\" data-element_type=\"column\" data-e-type=\"column\">\n\t\t\t<div class=\"elementor-widget-wrap elementor-element-populated\">\n\t\t\t\t\t\t<div class=\"elementor-element elementor-element-a8b5c90 elementor-view-stacked elementor-shape-circle elementor-widget elementor-widget-icon\" data-id=\"a8b5c90\" data-element_type=\"widget\" data-e-type=\"widget\" data-widget_type=\"icon.default\">\n\t\t\t\t<div class=\"elementor-widget-container\">\n\t\t\t\t\t\t\t<div class=\"elementor-icon-wrapper\">\n\t\t\t<div class=\"elementor-icon\">\n\t\t\t<i aria-hidden=\"true\" class=\"fas fa-binoculars\"><\/i>\t\t\t<\/div>\n\t\t<\/div>\n\t\t\t\t\t\t<\/div>\n\t\t\t\t<\/div>\n\t\t\t\t\t<\/div>\n\t\t<\/div>\n\t\t\t\t<div class=\"elementor-column elementor-col-66 elementor-top-column elementor-element elementor-element-c2c529b\" data-id=\"c2c529b\" data-element_type=\"column\" data-e-type=\"column\">\n\t\t\t<div class=\"elementor-widget-wrap elementor-element-populated\">\n\t\t\t\t\t\t<div class=\"elementor-element elementor-element-123408f elementor-widget elementor-widget-heading\" data-id=\"123408f\" data-element_type=\"widget\" data-e-type=\"widget\" data-widget_type=\"heading.default\">\n\t\t\t\t<div class=\"elementor-widget-container\">\n\t\t\t\t\t<h2 class=\"elementor-heading-title elementor-size-xl\">Consulting in Corporate Strategy<\/h2>\t\t\t\t<\/div>\n\t\t\t\t<\/div>\n\t\t\t\t\t<\/div>\n\t\t<\/div>\n\t\t\t\t\t<\/div>\n\t\t<\/section>\n\t\t\t\t<section class=\"elementor-section elementor-top-section elementor-element elementor-element-cf3a0fa elementor-section-boxed elementor-section-height-default elementor-section-height-default\" data-id=\"cf3a0fa\" data-element_type=\"section\" data-e-type=\"section\">\n\t\t\t\t\t\t<div class=\"elementor-container elementor-column-gap-default\">\n\t\t\t\t\t<div class=\"elementor-column elementor-col-100 elementor-top-column elementor-element elementor-element-5645bad\" data-id=\"5645bad\" data-element_type=\"column\" data-e-type=\"column\">\n\t\t\t<div class=\"elementor-widget-wrap elementor-element-populated\">\n\t\t\t\t\t\t<div class=\"elementor-element elementor-element-fd3e89a elementor-widget elementor-widget-heading\" data-id=\"fd3e89a\" data-element_type=\"widget\" data-e-type=\"widget\" data-widget_type=\"heading.default\">\n\t\t\t\t<div class=\"elementor-widget-container\">\n\t\t\t\t\t<h2 class=\"elementor-heading-title elementor-size-default\">Strategy as a Service <\/h2>\t\t\t\t<\/div>\n\t\t\t\t<\/div>\n\t\t\t\t<div class=\"elementor-element elementor-element-95680ad elementor-widget elementor-widget-text-editor\" data-id=\"95680ad\" data-element_type=\"widget\" data-e-type=\"widget\" data-widget_type=\"text-editor.default\">\n\t\t\t\t<div class=\"elementor-widget-container\">\n\t\t\t\t\t\t\t\t\t<p>Geopolitical events and current market developments are pushing business leaders to reconsider key elements of their strategy in terms of reinvention, resilience AND corporate regeneration for sustainable growth.\u00a0<\/p><p>We support our clients in reviewing and defining the best strategic options in their business ecosystem.<\/p>\t\t\t\t\t\t\t\t<\/div>\n\t\t\t\t<\/div>\n\t\t\t\t<div class=\"elementor-element elementor-element-70befb2 elementor-widget elementor-widget-image\" data-id=\"70befb2\" data-element_type=\"widget\" data-e-type=\"widget\" data-widget_type=\"image.default\">\n\t\t\t\t<div class=\"elementor-widget-container\">\n\t\t\t\t\t\t\t\t\t\t\t\t\t\t\t<img fetchpriority=\"high\" decoding=\"async\" width=\"1024\" height=\"582\" src=\"https:\/\/groupeverdel.eu\/wp-content\/uploads\/2023\/03\/Strategy-Orchestrator.jpg\" class=\"attachment-large size-large wp-image-406\" alt=\"\" srcset=\"https:\/\/groupeverdel.eu\/wp-content\/uploads\/2023\/03\/Strategy-Orchestrator.jpg 1252w, https:\/\/groupeverdel.eu\/wp-content\/uploads\/2023\/03\/Strategy-Orchestrator-300x159.jpg 300w, https:\/\/groupeverdel.eu\/wp-content\/uploads\/2023\/03\/Strategy-Orchestrator-1024x542.jpg 1024w, https:\/\/groupeverdel.eu\/wp-content\/uploads\/2023\/03\/Strategy-Orchestrator-768x407.jpg 768w, https:\/\/groupeverdel.eu\/wp-content\/uploads\/2023\/03\/Strategy-Orchestrator-18x10.jpg 18w\" sizes=\"(max-width: 1024px) 100vw, 1024px\" \/>\t\t\t\t\t\t\t\t\t\t\t\t\t\t\t<\/div>\n\t\t\t\t<\/div>\n\t\t\t\t<div class=\"elementor-element elementor-element-ada650a elementor-widget elementor-widget-text-editor\" data-id=\"ada650a\" data-element_type=\"widget\" data-e-type=\"widget\" data-widget_type=\"text-editor.default\">\n\t\t\t\t<div class=\"elementor-widget-container\">\n\t\t\t\t\t\t\t\t\t<p>We ensure the operational implementation of the final strategy.<\/p><p>During this journey we can count on our international network of experts in the various fields.\u00a0<\/p>\t\t\t\t\t\t\t\t<\/div>\n\t\t\t\t<\/div>\n\t\t\t\t\t<\/div>\n\t\t<\/div>\n\t\t\t\t\t<\/div>\n\t\t<\/section>\n\t\t\t\t<section class=\"elementor-section elementor-top-section elementor-element elementor-element-bcb8617 elementor-section-boxed elementor-section-height-default elementor-section-height-default\" data-id=\"bcb8617\" data-element_type=\"section\" data-e-type=\"section\">\n\t\t\t\t\t\t<div class=\"elementor-container elementor-column-gap-default\">\n\t\t\t\t\t<div class=\"elementor-column elementor-col-100 elementor-top-column elementor-element elementor-element-916a805\" data-id=\"916a805\" data-element_type=\"column\" data-e-type=\"column\">\n\t\t\t<div class=\"elementor-widget-wrap elementor-element-populated\">\n\t\t\t\t\t\t<div class=\"elementor-element elementor-element-875f291 elementor-widget elementor-widget-spacer\" data-id=\"875f291\" data-element_type=\"widget\" data-e-type=\"widget\" data-widget_type=\"spacer.default\">\n\t\t\t\t<div class=\"elementor-widget-container\">\n\t\t\t\t\t\t\t<div class=\"elementor-spacer\">\n\t\t\t<div class=\"elementor-spacer-inner\"><\/div>\n\t\t<\/div>\n\t\t\t\t\t\t<\/div>\n\t\t\t\t<\/div>\n\t\t\t\t<div class=\"elementor-element elementor-element-143ea9c elementor-widget elementor-widget-heading\" data-id=\"143ea9c\" data-element_type=\"widget\" data-e-type=\"widget\" data-widget_type=\"heading.default\">\n\t\t\t\t<div class=\"elementor-widget-container\">\n\t\t\t\t\t<h2 class=\"elementor-heading-title elementor-size-default\">Our methodology\n\n<\/h2>\t\t\t\t<\/div>\n\t\t\t\t<\/div>\n\t\t\t\t<section class=\"elementor-section elementor-inner-section elementor-element elementor-element-94dd159 elementor-section-boxed elementor-section-height-default elementor-section-height-default\" data-id=\"94dd159\" data-element_type=\"section\" data-e-type=\"section\">\n\t\t\t\t\t\t<div class=\"elementor-container elementor-column-gap-default\">\n\t\t\t\t\t<div class=\"elementor-column elementor-col-50 elementor-inner-column elementor-element elementor-element-cbf1e95\" data-id=\"cbf1e95\" data-element_type=\"column\" data-e-type=\"column\">\n\t\t\t<div class=\"elementor-widget-wrap\">\n\t\t\t\t\t\t\t<\/div>\n\t\t<\/div>\n\t\t\t\t<div class=\"elementor-column elementor-col-50 elementor-inner-column elementor-element elementor-element-aa98968\" data-id=\"aa98968\" data-element_type=\"column\" data-e-type=\"column\">\n\t\t\t<div class=\"elementor-widget-wrap elementor-element-populated\">\n\t\t\t\t\t\t<div class=\"elementor-element elementor-element-7b65f3d elementor-widget elementor-widget-text-editor\" data-id=\"7b65f3d\" data-element_type=\"widget\" data-e-type=\"widget\" data-widget_type=\"text-editor.default\">\n\t\t\t\t<div class=\"elementor-widget-container\">\n\t\t\t\t\t\t\t\t\t<p style=\"text-align: right;\"><em><strong>There is no single method of studying things.<\/strong><\/em><br \/>Aristote<\/p>\t\t\t\t\t\t\t\t<\/div>\n\t\t\t\t<\/div>\n\t\t\t\t\t<\/div>\n\t\t<\/div>\n\t\t\t\t\t<\/div>\n\t\t<\/section>\n\t\t\t\t<div class=\"elementor-element elementor-element-6fc66fe elementor-widget elementor-widget-text-editor\" data-id=\"6fc66fe\" data-element_type=\"widget\" data-e-type=\"widget\" data-widget_type=\"text-editor.default\">\n\t\t\t\t<div class=\"elementor-widget-container\">\n\t\t\t\t\t\t\t\t\t<p>Our methodology is based on the most current academic approaches in strategy and analytical tools that have proven their values in practice.\u00a0\u00a0<\/p><p>The steps are formal but the approach is individualized by the business line, by the structure and culture of the customer company.\u00a0\u00a0<\/p>\t\t\t\t\t\t\t\t<\/div>\n\t\t\t\t<\/div>\n\t\t\t\t<div class=\"elementor-element elementor-element-446f72a elementor-widget elementor-widget-image\" data-id=\"446f72a\" data-element_type=\"widget\" data-e-type=\"widget\" data-widget_type=\"image.default\">\n\t\t\t\t<div class=\"elementor-widget-container\">\n\t\t\t\t\t\t\t\t\t\t\t\t\t\t\t<img decoding=\"async\" width=\"1024\" height=\"480\" src=\"https:\/\/groupeverdel.eu\/wp-content\/uploads\/2023\/03\/Strategy-6steps.jpg\" class=\"attachment-large size-large wp-image-419\" alt=\"\" srcset=\"https:\/\/groupeverdel.eu\/wp-content\/uploads\/2023\/03\/Strategy-6steps.jpg 810w, https:\/\/groupeverdel.eu\/wp-content\/uploads\/2023\/03\/Strategy-6steps-300x206.jpg 300w, https:\/\/groupeverdel.eu\/wp-content\/uploads\/2023\/03\/Strategy-6steps-768x527.jpg 768w, https:\/\/groupeverdel.eu\/wp-content\/uploads\/2023\/03\/Strategy-6steps-18x12.jpg 18w\" sizes=\"(max-width: 1024px) 100vw, 1024px\" \/>\t\t\t\t\t\t\t\t\t\t\t\t\t\t\t<\/div>\n\t\t\t\t<\/div>\n\t\t\t\t\t<\/div>\n\t\t<\/div>\n\t\t\t\t\t<\/div>\n\t\t<\/section>\n\t\t\t\t<section class=\"elementor-section elementor-top-section elementor-element elementor-element-2677dd3 elementor-section-boxed elementor-section-height-default elementor-section-height-default\" data-id=\"2677dd3\" data-element_type=\"section\" data-e-type=\"section\">\n\t\t\t\t\t\t<div class=\"elementor-container elementor-column-gap-default\">\n\t\t\t\t\t<div class=\"elementor-column elementor-col-100 elementor-top-column elementor-element elementor-element-ab16d52\" data-id=\"ab16d52\" data-element_type=\"column\" data-e-type=\"column\">\n\t\t\t<div class=\"elementor-widget-wrap elementor-element-populated\">\n\t\t\t\t\t\t<div class=\"elementor-element elementor-element-90b4640 elementor-widget elementor-widget-spacer\" data-id=\"90b4640\" data-element_type=\"widget\" data-e-type=\"widget\" data-widget_type=\"spacer.default\">\n\t\t\t\t<div class=\"elementor-widget-container\">\n\t\t\t\t\t\t\t<div class=\"elementor-spacer\">\n\t\t\t<div class=\"elementor-spacer-inner\"><\/div>\n\t\t<\/div>\n\t\t\t\t\t\t<\/div>\n\t\t\t\t<\/div>\n\t\t\t\t<div class=\"elementor-element elementor-element-b0454f5 elementor-widget elementor-widget-heading\" data-id=\"b0454f5\" data-element_type=\"widget\" data-e-type=\"widget\" data-widget_type=\"heading.default\">\n\t\t\t\t<div class=\"elementor-widget-container\">\n\t\t\t\t\t<h2 class=\"elementor-heading-title elementor-size-default\">Our services<\/h2>\t\t\t\t<\/div>\n\t\t\t\t<\/div>\n\t\t\t\t<div class=\"elementor-element elementor-element-5408884 elementor-widget elementor-widget-text-editor\" data-id=\"5408884\" data-element_type=\"widget\" data-e-type=\"widget\" data-widget_type=\"text-editor.default\">\n\t\t\t\t<div class=\"elementor-widget-container\">\n\t\t\t\t\t\t\t\t\t<ul><li>Consulting in corporate strategy and innovation, mergers and acquisitions<\/li><li>In house strategy consultancy for start-ups, scale-ups and SMEs<\/li><li>Training of non-expert managers in strategy<\/li><li>Key-notes \u00a0\u00a0\u00a0\u00a0<\/li><\/ul>\t\t\t\t\t\t\t\t<\/div>\n\t\t\t\t<\/div>\n\t\t\t\t<div class=\"elementor-element elementor-element-19a50a7 elementor-widget elementor-widget-spacer\" data-id=\"19a50a7\" data-element_type=\"widget\" data-e-type=\"widget\" data-widget_type=\"spacer.default\">\n\t\t\t\t<div class=\"elementor-widget-container\">\n\t\t\t\t\t\t\t<div class=\"elementor-spacer\">\n\t\t\t<div class=\"elementor-spacer-inner\"><\/div>\n\t\t<\/div>\n\t\t\t\t\t\t<\/div>\n\t\t\t\t<\/div>\n\t\t\t\t\t<\/div>\n\t\t<\/div>\n\t\t\t\t\t<\/div>\n\t\t<\/section>\n\t\t\t\t<section class=\"elementor-section elementor-top-section elementor-element elementor-element-01e05bc elementor-section-boxed elementor-section-height-default elementor-section-height-default\" data-id=\"01e05bc\" data-element_type=\"section\" data-e-type=\"section\">\n\t\t\t\t\t\t<div class=\"elementor-container elementor-column-gap-default\">\n\t\t\t\t\t<div class=\"elementor-column elementor-col-100 elementor-top-column elementor-element elementor-element-4d3afb1\" data-id=\"4d3afb1\" data-element_type=\"column\" data-e-type=\"column\">\n\t\t\t<div class=\"elementor-widget-wrap elementor-element-populated\">\n\t\t\t\t\t\t<div class=\"elementor-element elementor-element-e9d7ca6 elementor-widget elementor-widget-heading\" data-id=\"e9d7ca6\" data-element_type=\"widget\" data-e-type=\"widget\" data-widget_type=\"heading.default\">\n\t\t\t\t<div class=\"elementor-widget-container\">\n\t\t\t\t\t<h2 class=\"elementor-heading-title elementor-size-default\">You want to know more...<\/h2>\t\t\t\t<\/div>\n\t\t\t\t<\/div>\n\t\t\t\t<div class=\"elementor-element elementor-element-51b234b elementor-align-right elementor-widget elementor-widget-button\" data-id=\"51b234b\" data-element_type=\"widget\" data-e-type=\"widget\" data-widget_type=\"button.default\">\n\t\t\t\t<div class=\"elementor-widget-container\">\n\t\t\t\t\t\t\t\t\t<div class=\"elementor-button-wrapper\">\n\t\t\t\t\t<a class=\"elementor-button elementor-button-link elementor-size-md\" href=\"https:\/\/groupeverdel.eu\/en\/contact\/\">\n\t\t\t\t\t\t<span class=\"elementor-button-content-wrapper\">\n\t\t\t\t\t\t\t\t\t<span class=\"elementor-button-text\">... contact us<\/span>\n\t\t\t\t\t<\/span>\n\t\t\t\t\t<\/a>\n\t\t\t\t<\/div>\n\t\t\t\t\t\t\t\t<\/div>\n\t\t\t\t<\/div>\n\t\t\t\t\t<\/div>\n\t\t<\/div>\n\t\t\t\t\t<\/div>\n\t\t<\/section>\n\t\t\t\t<\/div>","protected":false},"excerpt":{"rendered":"<p>Conseil en Strat\u00e9gie d\u2019Entreprise Strat\u00e9gie en tant que Service Les \u00e9v\u00e8nements g\u00e9opolitiques et les \u00e9volutions actuelles de march\u00e9 poussent les dirigeants d\u2019entreprises \u00e0 reconsid\u00e9rer les \u00e9l\u00e9ments-cl\u00e9s de leur strat\u00e9gie en termes de r\u00e9invention, r\u00e9silience ET r\u00e9g\u00e9n\u00e9ration en entreprise pour une croissance durable.\u00a0 Nous accompagnons nos clients dans la r\u00e9vision et la d\u00e9finition des meilleurs options&#8230;<\/p>","protected":false},"author":1,"featured_media":0,"parent":0,"menu_order":0,"comment_status":"closed","ping_status":"closed","template":"","meta":{"_kad_post_transparent":"","_kad_post_title":"hide","_kad_post_layout":"fullwidth","_kad_post_sidebar_id":"","_kad_post_content_style":"unboxed","_kad_post_vertical_padding":"hide","_kad_post_feature":"hide","_kad_post_feature_position":"","_kad_post_header":false,"_kad_post_footer":false,"_kad_post_classname":"","footnotes":""},"class_list":["post-381","page","type-page","status-publish","hentry"],"yoast_head":"<!-- This site is optimized with the Yoast SEO plugin v27.5 - https:\/\/yoast.com\/product\/yoast-seo-wordpress\/ -->\n<title>Conseil en strat\u00e9gie d&#039;entreprise<\/title>\n<meta name=\"description\" content=\"Conseil en strat\u00e9gie d&#039;entreprise, fusion et acquisitions. Methodologie appliqu\u00e9e \u00e0 la strat\u00e9gie d&#039;entreprise.\" \/>\n<meta name=\"robots\" content=\"index, follow, max-snippet:-1, max-image-preview:large, max-video-preview:-1\" \/>\n<link rel=\"canonical\" href=\"https:\/\/groupeverdel.eu\/en\/strategie\/\" \/>\n<meta property=\"og:locale\" content=\"en_GB\" \/>\n<meta property=\"og:type\" content=\"article\" \/>\n<meta property=\"og:title\" content=\"Conseil en strat\u00e9gie d&#039;entreprise\" \/>\n<meta property=\"og:description\" content=\"Conseil en strat\u00e9gie d&#039;entreprise, fusion et acquisitions. Methodologie appliqu\u00e9e \u00e0 la strat\u00e9gie d&#039;entreprise.\" \/>\n<meta property=\"og:url\" content=\"https:\/\/groupeverdel.eu\/en\/strategie\/\" \/>\n<meta property=\"og:site_name\" content=\"Groupe VerDel\" \/>\n<meta property=\"article:modified_time\" content=\"2024-06-20T14:10:23+00:00\" \/>\n<meta property=\"og:image\" content=\"https:\/\/groupeverdel.eu\/wp-content\/uploads\/2022\/08\/Strategie-EntreprisePivot-1024x582.jpg\" \/>\n<meta name=\"twitter:card\" content=\"summary_large_image\" \/>\n<meta name=\"twitter:label1\" content=\"Estimated reading time\" \/>\n\t<meta name=\"twitter:data1\" content=\"2 minutes\" \/>\n<script type=\"application\/ld+json\" class=\"yoast-schema-graph\">{\"@context\":\"https:\\\/\\\/schema.org\",\"@graph\":[{\"@type\":\"WebPage\",\"@id\":\"https:\\\/\\\/groupeverdel.eu\\\/strategie\\\/\",\"url\":\"https:\\\/\\\/groupeverdel.eu\\\/strategie\\\/\",\"name\":\"Conseil en strat\u00e9gie d'entreprise\",\"isPartOf\":{\"@id\":\"https:\\\/\\\/groupeverdel.eu\\\/#website\"},\"primaryImageOfPage\":{\"@id\":\"https:\\\/\\\/groupeverdel.eu\\\/strategie\\\/#primaryimage\"},\"image\":{\"@id\":\"https:\\\/\\\/groupeverdel.eu\\\/strategie\\\/#primaryimage\"},\"thumbnailUrl\":\"https:\\\/\\\/groupeverdel.eu\\\/wp-content\\\/uploads\\\/2022\\\/08\\\/Strategie-EntreprisePivot-1024x582.jpg\",\"datePublished\":\"2022-08-30T13:45:44+00:00\",\"dateModified\":\"2024-06-20T14:10:23+00:00\",\"description\":\"Conseil en strat\u00e9gie d'entreprise, fusion et acquisitions. Methodologie appliqu\u00e9e \u00e0 la strat\u00e9gie d'entreprise.\",\"breadcrumb\":{\"@id\":\"https:\\\/\\\/groupeverdel.eu\\\/strategie\\\/#breadcrumb\"},\"inLanguage\":\"en-GB\",\"potentialAction\":[{\"@type\":\"ReadAction\",\"target\":[\"https:\\\/\\\/groupeverdel.eu\\\/strategie\\\/\"]}]},{\"@type\":\"ImageObject\",\"inLanguage\":\"en-GB\",\"@id\":\"https:\\\/\\\/groupeverdel.eu\\\/strategie\\\/#primaryimage\",\"url\":\"https:\\\/\\\/groupeverdel.eu\\\/wp-content\\\/uploads\\\/2022\\\/08\\\/Strategie-EntreprisePivot-1024x582.jpg\",\"contentUrl\":\"https:\\\/\\\/groupeverdel.eu\\\/wp-content\\\/uploads\\\/2022\\\/08\\\/Strategie-EntreprisePivot-1024x582.jpg\"},{\"@type\":\"BreadcrumbList\",\"@id\":\"https:\\\/\\\/groupeverdel.eu\\\/strategie\\\/#breadcrumb\",\"itemListElement\":[{\"@type\":\"ListItem\",\"position\":1,\"name\":\"Accueil\",\"item\":\"https:\\\/\\\/groupeverdel.eu\\\/\"},{\"@type\":\"ListItem\",\"position\":2,\"name\":\"Strategie\"}]},{\"@type\":\"WebSite\",\"@id\":\"https:\\\/\\\/groupeverdel.eu\\\/#website\",\"url\":\"https:\\\/\\\/groupeverdel.eu\\\/\",\"name\":\"VerDel Innovation\",\"description\":\"L&#039;innovation \u00e0 votre port\u00e9e\",\"publisher\":{\"@id\":\"https:\\\/\\\/groupeverdel.eu\\\/#organization\"},\"potentialAction\":[{\"@type\":\"SearchAction\",\"target\":{\"@type\":\"EntryPoint\",\"urlTemplate\":\"https:\\\/\\\/groupeverdel.eu\\\/?s={search_term_string}\"},\"query-input\":{\"@type\":\"PropertyValueSpecification\",\"valueRequired\":true,\"valueName\":\"search_term_string\"}}],\"inLanguage\":\"en-GB\"},{\"@type\":\"Organization\",\"@id\":\"https:\\\/\\\/groupeverdel.eu\\\/#organization\",\"name\":\"VerDel Innovation\",\"url\":\"https:\\\/\\\/groupeverdel.eu\\\/\",\"logo\":{\"@type\":\"ImageObject\",\"inLanguage\":\"en-GB\",\"@id\":\"https:\\\/\\\/groupeverdel.eu\\\/#\\\/schema\\\/logo\\\/image\\\/\",\"url\":\"https:\\\/\\\/groupeverdel.eu\\\/wp-content\\\/uploads\\\/2022\\\/07\\\/VerDel-Group.png\",\"contentUrl\":\"https:\\\/\\\/groupeverdel.eu\\\/wp-content\\\/uploads\\\/2022\\\/07\\\/VerDel-Group.png\",\"width\":143,\"height\":91,\"caption\":\"VerDel Innovation\"},\"image\":{\"@id\":\"https:\\\/\\\/groupeverdel.eu\\\/#\\\/schema\\\/logo\\\/image\\\/\"}}]}<\/script>\n<!-- \/ Yoast SEO plugin. -->","yoast_head_json":{"title":"Conseil en strat\u00e9gie d'entreprise","description":"Conseil en strat\u00e9gie d'entreprise, fusion et acquisitions. Methodologie appliqu\u00e9e \u00e0 la strat\u00e9gie d'entreprise.","robots":{"index":"index","follow":"follow","max-snippet":"max-snippet:-1","max-image-preview":"max-image-preview:large","max-video-preview":"max-video-preview:-1"},"canonical":"https:\/\/groupeverdel.eu\/en\/strategie\/","og_locale":"en_GB","og_type":"article","og_title":"Conseil en strat\u00e9gie d'entreprise","og_description":"Conseil en strat\u00e9gie d'entreprise, fusion et acquisitions. Methodologie appliqu\u00e9e \u00e0 la strat\u00e9gie d'entreprise.","og_url":"https:\/\/groupeverdel.eu\/en\/strategie\/","og_site_name":"Groupe VerDel","article_modified_time":"2024-06-20T14:10:23+00:00","og_image":[{"url":"https:\/\/groupeverdel.eu\/wp-content\/uploads\/2022\/08\/Strategie-EntreprisePivot-1024x582.jpg","type":"","width":"","height":""}],"twitter_card":"summary_large_image","twitter_misc":{"Estimated reading time":"2 minutes"},"schema":{"@context":"https:\/\/schema.org","@graph":[{"@type":"WebPage","@id":"https:\/\/groupeverdel.eu\/strategie\/","url":"https:\/\/groupeverdel.eu\/strategie\/","name":"Conseil en strat\u00e9gie d'entreprise","isPartOf":{"@id":"https:\/\/groupeverdel.eu\/#website"},"primaryImageOfPage":{"@id":"https:\/\/groupeverdel.eu\/strategie\/#primaryimage"},"image":{"@id":"https:\/\/groupeverdel.eu\/strategie\/#primaryimage"},"thumbnailUrl":"https:\/\/groupeverdel.eu\/wp-content\/uploads\/2022\/08\/Strategie-EntreprisePivot-1024x582.jpg","datePublished":"2022-08-30T13:45:44+00:00","dateModified":"2024-06-20T14:10:23+00:00","description":"Conseil en strat\u00e9gie d'entreprise, fusion et acquisitions. Methodologie appliqu\u00e9e \u00e0 la strat\u00e9gie d'entreprise.","breadcrumb":{"@id":"https:\/\/groupeverdel.eu\/strategie\/#breadcrumb"},"inLanguage":"en-GB","potentialAction":[{"@type":"ReadAction","target":["https:\/\/groupeverdel.eu\/strategie\/"]}]},{"@type":"ImageObject","inLanguage":"en-GB","@id":"https:\/\/groupeverdel.eu\/strategie\/#primaryimage","url":"https:\/\/groupeverdel.eu\/wp-content\/uploads\/2022\/08\/Strategie-EntreprisePivot-1024x582.jpg","contentUrl":"https:\/\/groupeverdel.eu\/wp-content\/uploads\/2022\/08\/Strategie-EntreprisePivot-1024x582.jpg"},{"@type":"BreadcrumbList","@id":"https:\/\/groupeverdel.eu\/strategie\/#breadcrumb","itemListElement":[{"@type":"ListItem","position":1,"name":"Accueil","item":"https:\/\/groupeverdel.eu\/"},{"@type":"ListItem","position":2,"name":"Strategie"}]},{"@type":"WebSite","@id":"https:\/\/groupeverdel.eu\/#website","url":"https:\/\/groupeverdel.eu\/","name":"VerDel Innovation","description":"L&#039;innovation \u00e0 votre port\u00e9e","publisher":{"@id":"https:\/\/groupeverdel.eu\/#organization"},"potentialAction":[{"@type":"SearchAction","target":{"@type":"EntryPoint","urlTemplate":"https:\/\/groupeverdel.eu\/?s={search_term_string}"},"query-input":{"@type":"PropertyValueSpecification","valueRequired":true,"valueName":"search_term_string"}}],"inLanguage":"en-GB"},{"@type":"Organization","@id":"https:\/\/groupeverdel.eu\/#organization","name":"VerDel Innovation","url":"https:\/\/groupeverdel.eu\/","logo":{"@type":"ImageObject","inLanguage":"en-GB","@id":"https:\/\/groupeverdel.eu\/#\/schema\/logo\/image\/","url":"https:\/\/groupeverdel.eu\/wp-content\/uploads\/2022\/07\/VerDel-Group.png","contentUrl":"https:\/\/groupeverdel.eu\/wp-content\/uploads\/2022\/07\/VerDel-Group.png","width":143,"height":91,"caption":"VerDel Innovation"},"image":{"@id":"https:\/\/groupeverdel.eu\/#\/schema\/logo\/image\/"}}]}},"_links":{"self":[{"href":"https:\/\/groupeverdel.eu\/en\/wp-json\/wp\/v2\/pages\/381","targetHints":{"allow":["GET"]}}],"collection":[{"href":"https:\/\/groupeverdel.eu\/en\/wp-json\/wp\/v2\/pages"}],"about":[{"href":"https:\/\/groupeverdel.eu\/en\/wp-json\/wp\/v2\/types\/page"}],"author":[{"embeddable":true,"href":"https:\/\/groupeverdel.eu\/en\/wp-json\/wp\/v2\/users\/1"}],"replies":[{"embeddable":true,"href":"https:\/\/groupeverdel.eu\/en\/wp-json\/wp\/v2\/comments?post=381"}],"version-history":[{"count":55,"href":"https:\/\/groupeverdel.eu\/en\/wp-json\/wp\/v2\/pages\/381\/revisions"}],"predecessor-version":[{"id":809,"href":"https:\/\/groupeverdel.eu\/en\/wp-json\/wp\/v2\/pages\/381\/revisions\/809"}],"wp:attachment":[{"href":"https:\/\/groupeverdel.eu\/en\/wp-json\/wp\/v2\/media?parent=381"}],"curies":[{"name":"wp","href":"https:\/\/api.w.org\/{rel}","templated":true}]}}